{"id":7,"date":"2025-10-25T17:49:29","date_gmt":"2025-10-25T17:49:29","guid":{"rendered":"https:\/\/museum.ihsm.mg\/?page_id=7"},"modified":"2026-04-13T13:30:52","modified_gmt":"2026-04-13T13:30:52","slug":"home","status":"publish","type":"page","link":"https:\/\/museum.ihsm.mg\/","title":{"rendered":"Home"},"content":{"rendered":"\t\t<div data-elementor-type=\"wp-page\" data-elementor-id=\"7\" class=\"elementor elementor-7\">\n\t\t\t\t<div class=\"elementor-element elementor-element-608e0ea e-flex e-con-boxed e-con e-parent\" data-id=\"608e0ea\" data-element_type=\"container\" data-settings=\"{&quot;background_background&quot;:&quot;classic&quot;}\">\n\t\t\t\t\t<div class=\"e-con-inner\">\n\t\t<div class=\"elementor-element elementor-element-f702985 e-con-full e-flex e-con e-child\" data-id=\"f702985\" data-element_type=\"container\">\n\t\t<div class=\"elementor-element elementor-element-24416ea e-con-full e-flex e-con e-child\" data-id=\"24416ea\" data-element_type=\"container\" data-settings=\"{&quot;background_background&quot;:&quot;classic&quot;}\">\n\t\t\t\t<div class=\"elementor-element elementor-element-e7a012c elementor-widget elementor-widget-heading\" data-id=\"e7a012c\" data-element_type=\"widget\" data-widget_type=\"heading.default\">\n\t\t\t\t\t<h2 class=\"elementor-heading-title elementor-size-default\">Plongez au c\u0153ur du Mus\u00e9e de la Mer.<\/h2>\t\t\t\t<\/div>\n\t\t\t\t<div class=\"elementor-element elementor-element-d3a9b17 elementor-widget elementor-widget-text-editor\" data-id=\"d3a9b17\" data-element_type=\"widget\" data-widget_type=\"text-editor.default\">\n\t\t\t\t\t\t\t\t\t<p class=\"p1\">Vivez une exp\u00e9rience unique, comme si vous \u00e9tiez sous l\u2019eau, \u00e0 la d\u00e9couverte d\u2019esp\u00e8ces fascinantes, de leurs histoires, et de leur r\u00f4le essentiel pour l\u2019avenir de nos oc\u00e9ans.<\/p>\t\t\t\t\t\t\t\t<\/div>\n\t\t\t\t<div class=\"elementor-element elementor-element-c615cc7 elementor-widget elementor-widget-button\" data-id=\"c615cc7\" data-element_type=\"widget\" data-widget_type=\"button.default\">\n\t\t\t\t\t\t\t\t\t\t<a class=\"elementor-button elementor-button-link elementor-size-sm\" href=\"#collection\">\n\t\t\t\t\t\t<span class=\"elementor-button-content-wrapper\">\n\t\t\t\t\t\t\t\t\t<span class=\"elementor-button-text\">Notre collection de specimen rare<\/span>\n\t\t\t\t\t<\/span>\n\t\t\t\t\t<\/a>\n\t\t\t\t\t\t\t\t<\/div>\n\t\t\t\t<\/div>\n\t\t\t\t<\/div>\n\t\t<div class=\"elementor-element elementor-element-fecd34d e-con-full e-flex e-con e-child\" data-id=\"fecd34d\" data-element_type=\"container\">\n\t\t\t\t<\/div>\n\t\t\t\t\t<\/div>\n\t\t\t\t<\/div>\n\t\t<div class=\"elementor-element elementor-element-19ac911 e-flex e-con-boxed e-con e-parent\" data-id=\"19ac911\" data-element_type=\"container\">\n\t\t\t\t\t<div class=\"e-con-inner\">\n\t\t<div class=\"elementor-element elementor-element-d9184c0 e-con-full e-flex e-con e-child\" data-id=\"d9184c0\" data-element_type=\"container\">\n\t\t\t\t<div class=\"elementor-element elementor-element-b175add elementor-widget elementor-widget-image\" data-id=\"b175add\" data-element_type=\"widget\" data-widget_type=\"image.default\">\n\t\t\t\t\t\t\t\t\t\t\t\t\t\t\t<img fetchpriority=\"high\" decoding=\"async\" width=\"1024\" height=\"683\" src=\"https:\/\/museum.ihsm.mg\/wp-content\/uploads\/2026\/04\/IA-museum-1024x683.png\" class=\"attachment-large size-large wp-image-119\" alt=\"\" srcset=\"https:\/\/museum.ihsm.mg\/wp-content\/uploads\/2026\/04\/IA-museum-1024x683.png 1024w, https:\/\/museum.ihsm.mg\/wp-content\/uploads\/2026\/04\/IA-museum-300x200.png 300w, https:\/\/museum.ihsm.mg\/wp-content\/uploads\/2026\/04\/IA-museum-768x512.png 768w, https:\/\/museum.ihsm.mg\/wp-content\/uploads\/2026\/04\/IA-museum.png 1536w\" sizes=\"(max-width: 1024px) 100vw, 1024px\" \/>\t\t\t\t\t\t\t\t\t\t\t\t\t\t\t<\/div>\n\t\t\t\t<\/div>\n\t\t<div class=\"elementor-element elementor-element-a5145ac e-con-full e-flex e-con e-child\" data-id=\"a5145ac\" data-element_type=\"container\">\n\t\t\t\t<div class=\"elementor-element elementor-element-e586d33 elementor-widget elementor-widget-menu-anchor\" data-id=\"e586d33\" data-element_type=\"widget\" data-widget_type=\"menu-anchor.default\">\n\t\t\t\t\t\t\t<div class=\"elementor-menu-anchor\" id=\"collection\"><\/div>\n\t\t\t\t\t\t<\/div>\n\t\t\t\t<div class=\"elementor-element elementor-element-5fa087c elementor-widget elementor-widget-heading\" data-id=\"5fa087c\" data-element_type=\"widget\" data-widget_type=\"heading.default\">\n\t\t\t\t\t<h2 class=\"elementor-heading-title elementor-size-default\">Collection<\/h2>\t\t\t\t<\/div>\n\t\t\t\t<div class=\"elementor-element elementor-element-0ef577e elementor-widget-divider--view-line elementor-widget elementor-widget-divider\" data-id=\"0ef577e\" data-element_type=\"widget\" data-widget_type=\"divider.default\">\n\t\t\t\t\t\t\t<div class=\"elementor-divider\">\n\t\t\t<span class=\"elementor-divider-separator\">\n\t\t\t\t\t\t<\/span>\n\t\t<\/div>\n\t\t\t\t\t\t<\/div>\n\t\t\t\t<div class=\"elementor-element elementor-element-4dc2f99 elementor-widget elementor-widget-heading\" data-id=\"4dc2f99\" data-element_type=\"widget\" data-widget_type=\"heading.default\">\n\t\t\t\t\t<h2 class=\"elementor-heading-title elementor-size-default\">d\u00e9couvrez les sp\u00e9cimens marins les plus remarquables<\/h2>\t\t\t\t<\/div>\n\t\t\t\t<div class=\"elementor-element elementor-element-f243d43 elementor-widget elementor-widget-text-editor\" data-id=\"f243d43\" data-element_type=\"widget\" data-widget_type=\"text-editor.default\">\n\t\t\t\t\t\t\t\t\t<p>Le Mus\u00e9e abrite aujourd\u2019hui plus de 60 esp\u00e8ces v\u00e9g\u00e9tales et 600 esp\u00e8ces animales. Un petit budget est allou\u00e9 chaque ann\u00e9e pour permettre d\u2019enrichir la collection.<\/p>\t\t\t\t\t\t\t\t<\/div>\n\t\t\t\t<\/div>\n\t\t\t\t\t<\/div>\n\t\t\t\t<\/div>\n\t\t<div class=\"elementor-element elementor-element-ab229db e-flex e-con-boxed e-con e-parent\" data-id=\"ab229db\" data-element_type=\"container\" data-settings=\"{&quot;background_background&quot;:&quot;classic&quot;}\">\n\t\t\t\t\t<div class=\"e-con-inner\">\n\t\t<div class=\"elementor-element elementor-element-a3869e0 e-con-full e-flex e-con e-child\" data-id=\"a3869e0\" data-element_type=\"container\" data-settings=\"{&quot;background_background&quot;:&quot;classic&quot;}\">\n\t\t\t\t<div class=\"elementor-element elementor-element-b88f053 elementor-widget elementor-widget-heading\" data-id=\"b88f053\" data-element_type=\"widget\" data-widget_type=\"heading.default\">\n\t\t\t\t\t<h1 class=\"elementor-heading-title elementor-size-default\">La faune marine<\/h1>\t\t\t\t<\/div>\n\t\t\t\t<div class=\"elementor-element elementor-element-4456b33 elementor-widget elementor-widget-text-editor\" data-id=\"4456b33\" data-element_type=\"widget\" data-widget_type=\"text-editor.default\">\n\t\t\t\t\t\t\t\t\t<p>\u00ab 538 \u00bb individus qui se r\u00e9partissent dans neuf embranchements sont expos\u00e9s en permanence au mus\u00e9e. Des spongiaires, des coraux, des mollusques comme le calmar, des arthropodes comme la crevette, des \u00e9chinodermes telle que le concombre de mer.<\/p><p>Le\u00a0<em>Conus milneedwardsii<\/em>\u00a0est une esp\u00e8ce de mollusque d\u2019une telle raret\u00e9 qu\u2019un collectionneur a voulu l\u2019\u00e9changer avec son 4X4 Land rover.<br \/>Les vert\u00e9br\u00e9s sont compos\u00e9s des poissons, des reptiles, des oiseaux et des mammif\u00e8res. Les poissons pr\u00e9historiques (Coelacanthes) expos\u00e9s au mus\u00e9e y tiennent une place importante par leur particularit\u00e9.<\/p><p>Quand vous avez un peu de temps, valorisez-le. Venez visiter le mus\u00e9e de la mer !<\/p>\t\t\t\t\t\t\t\t<\/div>\n\t\t\t\t<\/div>\n\t\t\t\t\t<\/div>\n\t\t\t\t<\/div>\n\t\t\t\t<\/div>\n\t\t","protected":false},"excerpt":{"rendered":"<p>Plongez au c\u0153ur du Mus\u00e9e de la Mer. Vivez une exp\u00e9rience unique, comme si vous \u00e9tiez sous l\u2019eau, \u00e0 la [&hellip;]<\/p>\n","protected":false},"author":1,"featured_media":0,"parent":0,"menu_order":0,"comment_status":"closed","ping_status":"closed","template":"","meta":{"site-sidebar-layout":"no-sidebar","site-content-layout":"","ast-site-content-layout":"full-width-container","site-content-style":"default","site-sidebar-style":"default","ast-global-header-display":"","ast-banner-title-visibility":"","ast-main-header-display":"","ast-hfb-above-header-display":"","ast-hfb-below-header-display":"","ast-hfb-mobile-header-display":"","site-post-title":"","ast-breadcrumbs-content":"","ast-featured-img":"disabled","footer-sml-layout":"","theme-transparent-header-meta":"","adv-header-id-meta":"","stick-header-meta":"","header-above-stick-meta":"","header-main-stick-meta":"","header-below-stick-meta":"","astra-migrate-meta-layouts":"default","ast-page-background-enabled":"default","ast-page-background-meta":{"desktop":{"background-color":"var(--ast-global-color-5)","background-image":"","background-repeat":"repeat","background-position":"center center","background-size":"auto","background-attachment":"scroll","background-type":"","background-media":"","overlay-type":"","overlay-color":"","overlay-opacity":"","overlay-gradient":""},"tablet":{"background-color":"","background-image":"","background-repeat":"repeat","background-position":"center center","background-size":"auto","background-attachment":"scroll","background-type":"","background-media":"","overlay-type":"","overlay-color":"","overlay-opacity":"","overlay-gradient":""},"mobile":{"background-color":"","background-image":"","background-repeat":"repeat","background-position":"center center","background-size":"auto","background-attachment":"scroll","background-type":"","background-media":"","overlay-type":"","overlay-color":"","overlay-opacity":"","overlay-gradient":""}},"ast-content-background-meta":{"desktop":{"background-color":"var(--ast-global-color-4)","background-image":"","background-repeat":"repeat","background-position":"center center","background-size":"auto","background-attachment":"scroll","background-type":"","background-media":"","overlay-type":"","overlay-color":"","overlay-opacity":"","overlay-gradient":""},"tablet":{"background-color":"var(--ast-global-color-4)","background-image":"","background-repeat":"repeat","background-position":"center center","background-size":"auto","background-attachment":"scroll","background-type":"","background-media":"","overlay-type":"","overlay-color":"","overlay-opacity":"","overlay-gradient":""},"mobile":{"background-color":"var(--ast-global-color-4)","background-image":"","background-repeat":"repeat","background-position":"center center","background-size":"auto","background-attachment":"scroll","background-type":"","background-media":"","overlay-type":"","overlay-color":"","overlay-opacity":"","overlay-gradient":""}},"footnotes":""},"class_list":["post-7","page","type-page","status-publish","hentry"],"_links":{"self":[{"href":"https:\/\/museum.ihsm.mg\/index.php?rest_route=\/wp\/v2\/pages\/7","targetHints":{"allow":["GET"]}}],"collection":[{"href":"https:\/\/museum.ihsm.mg\/index.php?rest_route=\/wp\/v2\/pages"}],"about":[{"href":"https:\/\/museum.ihsm.mg\/index.php?rest_route=\/wp\/v2\/types\/page"}],"author":[{"embeddable":true,"href":"https:\/\/museum.ihsm.mg\/index.php?rest_route=\/wp\/v2\/users\/1"}],"replies":[{"embeddable":true,"href":"https:\/\/museum.ihsm.mg\/index.php?rest_route=%2Fwp%2Fv2%2Fcomments&post=7"}],"version-history":[{"count":62,"href":"https:\/\/museum.ihsm.mg\/index.php?rest_route=\/wp\/v2\/pages\/7\/revisions"}],"predecessor-version":[{"id":154,"href":"https:\/\/museum.ihsm.mg\/index.php?rest_route=\/wp\/v2\/pages\/7\/revisions\/154"}],"wp:attachment":[{"href":"https:\/\/museum.ihsm.mg\/index.php?rest_route=%2Fwp%2Fv2%2Fmedia&parent=7"}],"curies":[{"name":"wp","href":"https:\/\/api.w.org\/{rel}","templated":true}]}}